{"id":30,"date":"2024-02-26T14:00:02","date_gmt":"2024-02-26T13:00:02","guid":{"rendered":"http:\/\/www.hakansrestaurang.se\/?page_id=30"},"modified":"2026-02-09T15:50:59","modified_gmt":"2026-02-09T14:50:59","slug":"a-la-carte","status":"publish","type":"page","link":"https:\/\/www.hakansrestaurang.se\/?page_id=30","title":{"rendered":"A la Cart\u00e9"},"content":{"rendered":"\n<ul class=\"wp-block-list\">\n<li>HUSETS OXFIL\u00c9 329:- <br>Serveras med baconlindad haricots verts, stekta gr\u00f6nsaker, grilltomat, gr\u00f6npeppars\u00e5s &amp; valfritt tillbeh\u00f6r.<\/li>\n<\/ul>\n\n\n\n<ul class=\"wp-block-list\">\n<li>SIRLION STEAK 269:- <br>Grillad ryggbiff serveras med stekta gr\u00f6nsaker, grilltomat, r\u00f6dvinss\u00e5s, bearnaises\u00e5s &amp; valfritt tillbeh\u00f6r.<\/li>\n<\/ul>\n\n\n\n<ul class=\"wp-block-list\">\n<li>HUSETS PLANKSTEK Ryggbiff 269:- Oxfil\u00e9 329:- <br>Serveras med stekta gr\u00f6nsaker, baconlindad sparris, grilltomat, r\u00f6dvinss\u00e5s, bearnaises\u00e5s &amp; ugnsbakad potatismos.<\/li>\n<\/ul>\n\n\n\n<ul class=\"wp-block-list\">\n<li>FIL\u00c9 MIGNON BLACK AND WHITE 279:- <br>Grillad oxfil\u00e9 &amp; fl\u00e4skfil\u00e9, serveras med stekta gr\u00f6nsaker, r\u00f6dvinss\u00e5s, bearnaises\u00e5s &amp; valfritt tillbeh\u00f6r.<\/li>\n<\/ul>\n\n\n\n<p><\/p>\n\n\n\n<ul class=\"wp-block-list\">\n<li>FL\u00c4SKFIL\u00c9 OSCAR 249:- <br>Grillad fl\u00e4skfil\u00e9 serveras med handskalade r\u00e4kor, sparris, stekta gr\u00f6nsaker, grilltomat, r\u00f6dvinss\u00e5s, bearnaises\u00e5s &amp; valfritt tillbeh\u00f6r.<\/li>\n<\/ul>\n\n\n\n<p><\/p>\n\n\n\n<ul class=\"wp-block-list\">\n<li>SCHNITZEL Kalv 269:- Fl\u00e4sk 249:- <br>Serveras med r\u00f6dvinss\u00e5s, sallad, citron, kapris, ansjovis &amp; stekt potatis.<\/li>\n<\/ul>\n\n\n\n<ul class=\"wp-block-list\">\n<li>LAXPLANKA 249:- <br>Grillad lax, serveras med haricost verts, handskadade r\u00e4kor, stekta gr\u00f6nsaker, grilltomat, citron, hollandaises\u00e5s &amp; ugnsbakad potatismos.<\/li>\n<\/ul>\n\n\n\n<ul class=\"wp-block-list\">\n<li>R\u00d6DSP\u00c4TTA 189:- <br>Serveras med sallad, citron, remoulads\u00e5s &amp; nykokt potatis.<\/li>\n<\/ul>\n\n\n\n<ul class=\"wp-block-list\">\n<li>H\u00c5KANS TOAST 199:- <br>Oxfil\u00e9, stekt franskt br\u00f6d, sallad, pommes frites &amp; bearnaises\u00e5s.<\/li>\n<\/ul>\n\n\n\n<ul class=\"wp-block-list\">\n<li>TRIPPLE CHESEBURGER 199:- <br>H\u00f6grevs burgare, chili mayo, cheddarost, skivad mozzarella, pepper-jack ost, stekt bacon, sallad, tomat, l\u00f6k, saltgurka, coleslaw &amp; pommes frites.<\/li>\n<\/ul>\n\n\n\n<p><\/p>\n\n\n\n<ul class=\"wp-block-list\">\n<li>H\u00c5KANS HALLOUMI BURGARE 189:- <br>Dressing, avokado, sallad, tomat, r\u00f6dl\u00f6k, saltgurka, coleslaw &amp; pommes frites.<\/li>\n<\/ul>\n\n\n\n<p><\/p>\n\n\n\n<ul class=\"wp-block-list\">\n<li>KEBABTALLRIK 155:- <br>Pommes frites, sallad, vitl\u00f6kss\u00e5s samt r\u00f6ds\u00e5s.<\/li>\n<\/ul>\n","protected":false},"excerpt":{"rendered":"","protected":false},"author":1,"featured_media":0,"parent":18,"menu_order":0,"comment_status":"closed","ping_status":"closed","template":"","meta":{"footnotes":""},"class_list":["post-30","page","type-page","status-publish","hentry"],"_links":{"self":[{"href":"https:\/\/www.hakansrestaurang.se\/index.php?rest_route=\/wp\/v2\/pages\/30","targetHints":{"allow":["GET"]}}],"collection":[{"href":"https:\/\/www.hakansrestaurang.se\/index.php?rest_route=\/wp\/v2\/pages"}],"about":[{"href":"https:\/\/www.hakansrestaurang.se\/index.php?rest_route=\/wp\/v2\/types\/page"}],"author":[{"embeddable":true,"href":"https:\/\/www.hakansrestaurang.se\/index.php?rest_route=\/wp\/v2\/users\/1"}],"replies":[{"embeddable":true,"href":"https:\/\/www.hakansrestaurang.se\/index.php?rest_route=%2Fwp%2Fv2%2Fcomments&post=30"}],"version-history":[{"count":7,"href":"https:\/\/www.hakansrestaurang.se\/index.php?rest_route=\/wp\/v2\/pages\/30\/revisions"}],"predecessor-version":[{"id":142,"href":"https:\/\/www.hakansrestaurang.se\/index.php?rest_route=\/wp\/v2\/pages\/30\/revisions\/142"}],"up":[{"embeddable":true,"href":"https:\/\/www.hakansrestaurang.se\/index.php?rest_route=\/wp\/v2\/pages\/18"}],"wp:attachment":[{"href":"https:\/\/www.hakansrestaurang.se\/index.php?rest_route=%2Fwp%2Fv2%2Fmedia&parent=30"}],"curies":[{"name":"wp","href":"https:\/\/api.w.org\/{rel}","templated":true}]}}