{"id":28,"date":"2024-02-26T13:59:28","date_gmt":"2024-02-26T12:59:28","guid":{"rendered":"http:\/\/www.hakansrestaurang.se\/?page_id=28"},"modified":"2026-02-09T16:18:56","modified_gmt":"2026-02-09T15:18:56","slug":"sallader","status":"publish","type":"page","link":"https:\/\/www.hakansrestaurang.se\/?page_id=28","title":{"rendered":"Sallader"},"content":{"rendered":"\n<p><strong>Samtliga sallader serveras med nybakad br\u00f6d<\/strong><\/p>\n\n\n\n<p><\/p>\n\n\n\n<ul class=\"wp-block-list\">\n<li>KLASSISK R\u00c4KSALLAD 169:- Avha\u0308mtning 159:- <br>Krispig romansallad, handskalade r\u00e4kor, avokado, \u00e4gg, cocktailtomater, gurka, citron &amp; rhode island dressing.<\/li>\n<\/ul>\n\n\n\n<p><\/p>\n\n\n\n<ul class=\"wp-block-list\">\n<li>HALLOUMI SALLAD 159:- Avha\u0308mtning 149:- <br>Krispig romansallad, cocktailtomater, r\u00f6dl\u00f6k, kalamatoliver, paprika, pin jen\u00f6tter &amp; olivolja.<\/li>\n<\/ul>\n\n\n\n<p><\/p>\n\n\n\n<ul class=\"wp-block-list\">\n<li>CH\u00c9VREOST SALLAD 169:- Avha\u0308mtning 159:- <br>Lufttorkad skinka, ch\u00e9vreost, krispig romansallad, r\u00f6dbetor, pinjen\u00f6tter, f\u00e4rskriven parmesan &amp; honung.<\/li>\n<\/ul>\n\n\n\n<p><\/p>\n\n\n\n<ul class=\"wp-block-list\">\n<li>CEASAR SALLAD 159:- Avha\u0308mtning 149:- <br>Kycklingfil\u00e9, krispig romansallad, bacon, cocktailtomater, krutonger f\u00e4rskriven parmesan &amp; ceasardressing.<\/li>\n<\/ul>\n\n\n\n<p><\/p>\n\n\n\n<ul class=\"wp-block-list\">\n<li>OST- &amp; SKINK SALLAD 155:- Avha\u0308mtning 145:- <br>Ost, skinka, Krispig romansallad, cocktailtomater, gurka, paprika &amp; rhode island dressing.<\/li>\n<\/ul>\n","protected":false},"excerpt":{"rendered":"<p>Samtliga sallader serveras med nybakad br\u00f6d<\/p>\n","protected":false},"author":1,"featured_media":0,"parent":18,"menu_order":0,"comment_status":"closed","ping_status":"closed","template":"","meta":{"footnotes":""},"class_list":["post-28","page","type-page","status-publish","hentry"],"_links":{"self":[{"href":"https:\/\/www.hakansrestaurang.se\/index.php?rest_route=\/wp\/v2\/pages\/28","targetHints":{"allow":["GET"]}}],"collection":[{"href":"https:\/\/www.hakansrestaurang.se\/index.php?rest_route=\/wp\/v2\/pages"}],"about":[{"href":"https:\/\/www.hakansrestaurang.se\/index.php?rest_route=\/wp\/v2\/types\/page"}],"author":[{"embeddable":true,"href":"https:\/\/www.hakansrestaurang.se\/index.php?rest_route=\/wp\/v2\/users\/1"}],"replies":[{"embeddable":true,"href":"https:\/\/www.hakansrestaurang.se\/index.php?rest_route=%2Fwp%2Fv2%2Fcomments&post=28"}],"version-history":[{"count":6,"href":"https:\/\/www.hakansrestaurang.se\/index.php?rest_route=\/wp\/v2\/pages\/28\/revisions"}],"predecessor-version":[{"id":152,"href":"https:\/\/www.hakansrestaurang.se\/index.php?rest_route=\/wp\/v2\/pages\/28\/revisions\/152"}],"up":[{"embeddable":true,"href":"https:\/\/www.hakansrestaurang.se\/index.php?rest_route=\/wp\/v2\/pages\/18"}],"wp:attachment":[{"href":"https:\/\/www.hakansrestaurang.se\/index.php?rest_route=%2Fwp%2Fv2%2Fmedia&parent=28"}],"curies":[{"name":"wp","href":"https:\/\/api.w.org\/{rel}","templated":true}]}}