{"id":24,"date":"2024-02-26T13:58:32","date_gmt":"2024-02-26T12:58:32","guid":{"rendered":"http:\/\/www.hakansrestaurang.se\/?page_id=24"},"modified":"2026-02-09T16:14:59","modified_gmt":"2026-02-09T15:14:59","slug":"pizza","status":"publish","type":"page","link":"https:\/\/www.hakansrestaurang.se\/?page_id=24","title":{"rendered":"Pizza"},"content":{"rendered":"\n<p>I alla pizzor ing\u00e5r tomats\u00e5s, ost &amp; f\u00e4rska r\u00e5varor av h\u00f6gsta kvalit\u00e9. <br>Extra p\u00e5l\u00e4gg 10-25:- <br>Extra s\u00e5s 15:- <br>Glutenfri pizza 15:-<br>Barnpizza -15:- ord pris<br><\/p>\n\n\n\n<p><\/p>\n\n\n\n<ul class=\"wp-block-list\">\n<li>MARGHERITA 139:- Avha\u0308mtning 129:- <br>Ost &amp; tomats\u00e5s.<\/li>\n<\/ul>\n\n\n\n<p><\/p>\n\n\n\n<ul class=\"wp-block-list\">\n<li>AL FUNGHI 139:- Avha\u0308mtning 129:- <br>F\u00e4rska champinjoner.<\/li>\n<\/ul>\n\n\n\n<p><\/p>\n\n\n\n<ul class=\"wp-block-list\">\n<li>VESUVIO 139:- Avha\u0308mtning 129:- <br>Skinka.<\/li>\n<\/ul>\n\n\n\n<p><\/p>\n\n\n\n<ul class=\"wp-block-list\">\n<li>BANANA 149:- Avha\u0308mtning 139:- <br>Skinka, banan &amp; curry.<\/li>\n<\/ul>\n\n\n\n<p><\/p>\n\n\n\n<ul class=\"wp-block-list\">\n<li>DEL OPERA 149:- Avha\u0308mtning 139:- <br>Skinka &amp; tonfisk.<\/li>\n<\/ul>\n\n\n\n<p><\/p>\n\n\n\n<ul class=\"wp-block-list\">\n<li>CAPRICCIOSA 149:- Avha\u0308mtning 139:- <br>Skinka &amp; f\u00e4rska champinjoner.<\/li>\n<\/ul>\n\n\n\n<p><\/p>\n\n\n\n<ul class=\"wp-block-list\">\n<li>HAWAII 149:- Avha\u0308mtning 139:- <br>Skinka &amp; ananas.<\/li>\n<\/ul>\n\n\n\n<p><\/p>\n\n\n\n<ul class=\"wp-block-list\">\n<li>BOLOGNESE 149:- Avha\u0308mtning 139:- <br>K\u00f6ttf\u00e4rs &amp; l\u00f6k.<\/li>\n<\/ul>\n\n\n\n<p><\/p>\n\n\n\n<ul class=\"wp-block-list\">\n<li>CALZONE 149:- Avha\u0308mtning 139:- <br>Skinka (inbakad).<\/li>\n<\/ul>\n\n\n\n<p><\/p>\n\n\n\n<ul class=\"wp-block-list\">\n<li>LA BUSSOLA 149:- Avha\u0308mtning 139:- <br>Skinka &amp; r\u00e4kor.<\/li>\n<\/ul>\n\n\n\n<p><\/p>\n\n\n\n<ul class=\"wp-block-list\">\n<li>MARINARA 149:- Avha\u0308mtning 139:- <br>R\u00e4kor &amp; musslor.<\/li>\n<\/ul>\n\n\n\n<ul class=\"wp-block-list\">\n<li>POMPEII 149:- Avh\u00e4mtning 139:- <br>Bacon, l\u00f6k, salami &amp; \u00e4gg.<\/li>\n<\/ul>\n\n\n\n<ul class=\"wp-block-list\">\n<li>VEGETARIANA 149:- Avha\u0308mtning 139:- <br>F\u00e4rska champinjoner, l\u00f6k, f\u00e4rsk paprika, kron\u00e4rtskocka &amp; oliver.<\/li>\n<\/ul>\n\n\n\n<ul class=\"wp-block-list\">\n<li>GR\u00d6N 149:- Avh\u00e4mtning 139:- <br>Aubergine, f\u00e4rska champinjoner, f\u00e4rska tomater, persilja, zucchini &amp; paprika.<\/li>\n<\/ul>\n\n\n\n<ul class=\"wp-block-list\">\n<li>SALAMI 149:- Avha\u0308mtning 139:- <br>Salami, l\u00f6k &amp; paprika.<\/li>\n<\/ul>\n\n\n\n<ul class=\"wp-block-list\">\n<li>NELLIE 149:- Avh\u00e4mtning 139:- <br>Skinka, salami, l\u00f6k, paprika &amp; f\u00e4rska tomater.<\/li>\n<\/ul>\n\n\n\n<ul class=\"wp-block-list\">\n<li>QUATTRO 155:- Avha\u0308mtning 145:- <br>Skinka, r\u00e4kor, musslor, f\u00e4rska champinjoner, kron\u00e4rtskocka &amp; oliver.<\/li>\n<\/ul>\n\n\n\n<p><\/p>\n\n\n\n<ul class=\"wp-block-list\">\n<li>VERA 155:- Avha\u0308mtning 145:- <br>Skinka, f\u00e4rska champinjoner, l\u00f6k, paprika, r\u00e4kor &amp; oliver.<\/li>\n<\/ul>\n\n\n\n<p><\/p>\n\n\n\n<ul class=\"wp-block-list\">\n<li>A LA KING 155:- Avha\u0308mtning 145:- <br>Kyckling, banan, annans &amp; curry.<\/li>\n<\/ul>\n\n\n\n<ul class=\"wp-block-list\">\n<li>PEPPERONI 155:- Avh\u00e4mtning 145:- <br>Pepperoni korv, fetaost, l\u00f6k, f\u00e4rska tomater &amp; oliver.<\/li>\n<\/ul>\n\n\n\n<ul class=\"wp-block-list\">\n<li>KEBABPIZZA 155:- Avha\u0308mtning 145:- <br>Kebabk\u00f6tt, f\u00e4rska tomater, l\u00f6k, fe\ufb00eroni &amp; vitl\u00f6ks\u00e5s.<\/li>\n<\/ul>\n\n\n\n<p><\/p>\n\n\n\n<ul class=\"wp-block-list\">\n<li>VIKING KEBAB (INBAKAD) 155:- Avha\u0308mtning 145:-<br>Kebabk\u00f6tt, efter gr\u00e4ddning: sallad, l\u00f6k, f\u00e4rska tomater, fe\ufb00eroni &amp; vitl\u00f6ks\u00e5s.<\/li>\n<\/ul>\n\n\n\n<p><\/p>\n\n\n\n<ul class=\"wp-block-list\">\n<li>R\u00c5SUNDA SPECIAL 155:- Avha\u0308mtning 145:- <br>K\u00f6ttf\u00e4rs, f\u00e4rska tomater, f\u00e4rska champinjoner, l\u00f6k &amp; f\u00e5rost.<\/li>\n<\/ul>\n\n\n\n<p><\/p>\n\n\n\n<ul class=\"wp-block-list\">\n<li>TEFAT 159:- Avha\u0308mtning 149:- <br>Skinka, r\u00e4kor &amp; f\u00e4rska champinjoner (dubbelt inbakad).<\/li>\n<\/ul>\n\n\n\n<p><\/p>\n\n\n\n<ul class=\"wp-block-list\">\n<li>ELDORADO 159:- Avha\u0308mtning 149:- <br>Oxfil\u00e9, f\u00e4rska champinjoner &amp; bearnaises\u00e5s.<\/li>\n<\/ul>\n\n\n\n<ul class=\"wp-block-list\">\n<li>YAKKES 159:- Avh\u00e4mtning 149:- <br>Oxfil\u00e9, kantareller, f\u00e4rska tomater &amp; bearnaises\u00e5s.<\/li>\n<\/ul>\n\n\n\n<ul class=\"wp-block-list\">\n<li>PIZZA DA CAPO 159:- Avha\u0308mtning 149:- <br>Fl\u00e4skfil\u00e9, f\u00e4rska champinjoner, f\u00e4rsk paprika, l\u00f6k &amp; bearnaises\u00e5s.<\/li>\n<\/ul>\n\n\n\n<p><\/p>\n\n\n\n<p><strong>MEXIKANSKA PIZZOR<\/strong><\/p>\n\n\n\n<ul class=\"wp-block-list\">\n<li>AZTEKA 149:- Avha\u0308mtning 139:- <br>Skinka, jalape\u00f1o, tacos\u00e5s &amp; gr\u00e4ddfil.<\/li>\n<\/ul>\n\n\n\n<p><\/p>\n\n\n\n<ul class=\"wp-block-list\">\n<li>MEXICANA 149:- Avha\u0308mtning 139:- <br>K\u00f6ttf\u00e4rs, jalape\u00f1o, l\u00f6k, vitl\u00f6k, tacos\u00e5s &amp; gr\u00e4ddfil.<\/li>\n<\/ul>\n\n\n\n<p><\/p>\n\n\n\n<ul class=\"wp-block-list\">\n<li>ACAPULCO 159:- Avha\u0308mtning 149:- <br>Oxfil\u00e9, jalape\u00f1o, vitl\u00f6k, l\u00f6k, tacos\u00e5s &amp; f\u00e4rska champinjoner.<\/li>\n<\/ul>\n\n\n\n<p><\/p>\n\n\n\n<p><strong>ITALIENSKA DELIKATESS PIZZOR<\/strong>  tomats\u00e5s och mozzarellaost ing\u00e5r.<\/p>\n\n\n\n<ul class=\"wp-block-list\">\n<li>FORMAGGI VARI 159:- Avha\u0308mtning 149:- <br>F\u00e4rska tomater, rucola samt fyra olika ostar. (f\u00e5rost, gorgonzola, mozzarella &amp; parmesanost)<\/li>\n<\/ul>\n\n\n\n<ul class=\"wp-block-list\">\n<li>PAVAROTTI 159:- Avha\u0308mtning 149:- <br>Prosciutto crudo, l\u00f6k, f\u00e4rska champinjoner &amp; f\u00e4rska tomater.<\/li>\n<\/ul>\n\n\n\n<p><\/p>\n\n\n\n<ul class=\"wp-block-list\">\n<li>PARMA 159:- Avha\u0308mtning 149:- <br>Prosciutto crudo, l\u00f6k &amp; f\u00e4rska tomater, ruccola.<\/li>\n<\/ul>\n\n\n\n<p><\/p>\n\n\n\n<ul class=\"wp-block-list\">\n<li>GREEN FRIEND 159:- Avha\u0308mtning 149:- <br>Soltorkade tomater, f\u00e4rska champinjoner, paprika, l\u00f6k, avokado &amp; ruccola.<\/li>\n<\/ul>\n\n\n\n<p><\/p>\n\n\n\n<ul class=\"wp-block-list\">\n<li>HUSETS SPECIALE 165:- Avha\u0308mtning 155:- <br>Mozzarella, oxfil\u00e9, f\u00e4rska champinjoner, och f\u00e4rska tomater, l\u00f6k &amp; bearnaises\u00e5s (halvinbakad).<\/li>\n<\/ul>\n\n\n\n<p><\/p>\n\n\n\n<ul class=\"wp-block-list\">\n<li>GNAGET 165:- Avha\u0308mtning 155:- <br>Marinerad oxfil\u00e9, marinerad fl\u00e4skfil\u00e9, r\u00e4kor, f\u00e4rsk basilika &amp; bearnaises\u00e5s.<\/li>\n<\/ul>\n\n\n\n<p><\/p>\n\n\n\n<ul class=\"wp-block-list\">\n<li>SOLNAS FAVORIT 165:- Avha\u0308mtning 155:- <br>Salami, bacon, prosciutto crudo, pesto, chevr\u00e9ost, ruccola &amp; vitl\u00f6kss\u00e5s.<\/li>\n<\/ul>\n\n\n\n<p><\/p>\n\n\n\n<ul class=\"wp-block-list\">\n<li>VERONA 165:- Avha\u0308mtning 155:- <br>Salami, bacon, pesto, prosciutto crudo &amp; ruccola.<\/li>\n<\/ul>\n\n\n\n<p><\/p>\n\n\n\n<ul class=\"wp-block-list\">\n<li>FRUTTI DI MARE 165:- Avha\u0308mtning 155:- <br>Gr\u00f6n musslor, scampi, r\u00e4kor, f\u00e4rsk vitl\u00f6k &amp; f\u00e4rsk persilja.<\/li>\n<\/ul>\n\n\n\n<p><\/p>\n\n\n\n<ul class=\"wp-block-list\">\n<li>CACCIATORE 165:- Avha\u0308mtning 155:- <br>Salami milano, kalamatoliver, paprika &amp; f\u00e4rsk basilika.<\/li>\n<\/ul>\n\n\n\n<p><\/p>\n\n\n\n<ul class=\"wp-block-list\">\n<li>SALAME PICCANTE 165:- Avha\u0308mtning 155:- <br>Ventricina salami (stark), grillad zucchini, grillad paprika, kron\u00e4rtskocka &amp; f\u00e4rsk basilika.<\/li>\n<\/ul>\n\n\n\n<p><\/p>\n\n\n\n<ul class=\"wp-block-list\">\n<li>AI TRES SALAMI 165:- Avha\u0308mtning 155:- <br>Salami milano, ventricina salami (stark), salami, kalamat oliver &amp; f\u00e4rsk persilja.<\/li>\n<\/ul>\n\n\n\n<p><\/p>\n\n\n\n<ul class=\"wp-block-list\">\n<li>KEVIN\u2019S FAVORIT 165:- Avha\u0308mtning 155:- <br>Prosciutto crudo, parmesan, chevreost, ruccola, pinjen\u00f6tter &amp; honung<\/li>\n<\/ul>\n\n\n\n<p><\/p>\n\n\n\n<ul class=\"wp-block-list\">\n<li>SOLNA STAD 169:- Avha\u0308mtning 159:- <br>Marinerad oxfil\u00e9, scampi, l\u00f6k, soltorkade tomater, f\u00e4rska champinjoner, gorgonzola &amp; bearnaises\u00e5s<\/li>\n<\/ul>\n","protected":false},"excerpt":{"rendered":"<p>I alla pizzor ing\u00e5r tomats\u00e5s, ost &amp; f\u00e4rska r\u00e5varor av h\u00f6gsta kvalit\u00e9. Extra p\u00e5l\u00e4gg 10-25:- Extra s\u00e5s 15:- Glutenfri pizza 15:-Barnpizza -15:- ord pris MEXIKANSKA PIZZOR ITALIENSKA DELIKATESS PIZZOR tomats\u00e5s och mozzarellaost ing\u00e5r.<\/p>\n","protected":false},"author":1,"featured_media":0,"parent":18,"menu_order":0,"comment_status":"closed","ping_status":"closed","template":"","meta":{"footnotes":""},"class_list":["post-24","page","type-page","status-publish","hentry"],"_links":{"self":[{"href":"https:\/\/www.hakansrestaurang.se\/index.php?rest_route=\/wp\/v2\/pages\/24","targetHints":{"allow":["GET"]}}],"collection":[{"href":"https:\/\/www.hakansrestaurang.se\/index.php?rest_route=\/wp\/v2\/pages"}],"about":[{"href":"https:\/\/www.hakansrestaurang.se\/index.php?rest_route=\/wp\/v2\/types\/page"}],"author":[{"embeddable":true,"href":"https:\/\/www.hakansrestaurang.se\/index.php?rest_route=\/wp\/v2\/users\/1"}],"replies":[{"embeddable":true,"href":"https:\/\/www.hakansrestaurang.se\/index.php?rest_route=%2Fwp%2Fv2%2Fcomments&post=24"}],"version-history":[{"count":7,"href":"https:\/\/www.hakansrestaurang.se\/index.php?rest_route=\/wp\/v2\/pages\/24\/revisions"}],"predecessor-version":[{"id":149,"href":"https:\/\/www.hakansrestaurang.se\/index.php?rest_route=\/wp\/v2\/pages\/24\/revisions\/149"}],"up":[{"embeddable":true,"href":"https:\/\/www.hakansrestaurang.se\/index.php?rest_route=\/wp\/v2\/pages\/18"}],"wp:attachment":[{"href":"https:\/\/www.hakansrestaurang.se\/index.php?rest_route=%2Fwp%2Fv2%2Fmedia&parent=24"}],"curies":[{"name":"wp","href":"https:\/\/api.w.org\/{rel}","templated":true}]}}