{"id":22,"date":"2024-02-26T13:51:03","date_gmt":"2024-02-26T12:51:03","guid":{"rendered":"http:\/\/www.hakansrestaurang.se\/?page_id=22"},"modified":"2026-02-09T15:48:25","modified_gmt":"2026-02-09T14:48:25","slug":"forratter","status":"publish","type":"page","link":"https:\/\/www.hakansrestaurang.se\/?page_id=22","title":{"rendered":"F\u00f6rr\u00e4tter"},"content":{"rendered":"\n<ul class=\"wp-block-list\">\n<li>VITL\u00d6KSBR\u00d6D 79:- <br>Med tzatziki &amp; mix sallad.<\/li>\n<\/ul>\n\n\n\n<p><\/p>\n\n\n\n<ul class=\"wp-block-list\">\n<li>TOASTSKAGEN 99:- <br>Klassisk skagenr\u00f6ra serveras p\u00e5 sm\u00f6rstekt toast, r\u00f6dl\u00f6k, citron samt toppad med rom.<\/li>\n<\/ul>\n\n\n\n<p><\/p>\n\n\n\n<ul class=\"wp-block-list\">\n<li>BRUSCHETTA 89:- <br>Prosciutto crudo p\u00e5 salladsb\u00e4dd.<\/li>\n<\/ul>\n\n\n\n<p><\/p>\n\n\n\n<ul class=\"wp-block-list\">\n<li>CHARKPLANKA 139:- <br>Prosciutto, ventricina salami, milano salami, saltgurka, v\u00e4sterbottenost, vitl\u00f6ksmarinerade oliver &amp; vitl\u00f6ksbr\u00f6d.<\/li>\n<\/ul>\n","protected":false},"excerpt":{"rendered":"","protected":false},"author":1,"featured_media":0,"parent":18,"menu_order":0,"comment_status":"closed","ping_status":"closed","template":"","meta":{"footnotes":""},"class_list":["post-22","page","type-page","status-publish","hentry"],"_links":{"self":[{"href":"https:\/\/www.hakansrestaurang.se\/index.php?rest_route=\/wp\/v2\/pages\/22","targetHints":{"allow":["GET"]}}],"collection":[{"href":"https:\/\/www.hakansrestaurang.se\/index.php?rest_route=\/wp\/v2\/pages"}],"about":[{"href":"https:\/\/www.hakansrestaurang.se\/index.php?rest_route=\/wp\/v2\/types\/page"}],"author":[{"embeddable":true,"href":"https:\/\/www.hakansrestaurang.se\/index.php?rest_route=\/wp\/v2\/users\/1"}],"replies":[{"embeddable":true,"href":"https:\/\/www.hakansrestaurang.se\/index.php?rest_route=%2Fwp%2Fv2%2Fcomments&post=22"}],"version-history":[{"count":5,"href":"https:\/\/www.hakansrestaurang.se\/index.php?rest_route=\/wp\/v2\/pages\/22\/revisions"}],"predecessor-version":[{"id":140,"href":"https:\/\/www.hakansrestaurang.se\/index.php?rest_route=\/wp\/v2\/pages\/22\/revisions\/140"}],"up":[{"embeddable":true,"href":"https:\/\/www.hakansrestaurang.se\/index.php?rest_route=\/wp\/v2\/pages\/18"}],"wp:attachment":[{"href":"https:\/\/www.hakansrestaurang.se\/index.php?rest_route=%2Fwp%2Fv2%2Fmedia&parent=22"}],"curies":[{"name":"wp","href":"https:\/\/api.w.org\/{rel}","templated":true}]}}