{"id":20,"date":"2024-02-26T13:50:39","date_gmt":"2024-02-26T12:50:39","guid":{"rendered":"http:\/\/www.hakansrestaurang.se\/?page_id=20"},"modified":"2024-03-17T22:22:04","modified_gmt":"2024-03-17T21:22:04","slug":"dryck","status":"publish","type":"page","link":"https:\/\/www.hakansrestaurang.se\/?page_id=20","title":{"rendered":"Dryck"},"content":{"rendered":"\n<p class=\"has-large-font-size\"><strong>VITT VIN<\/strong><\/p>\n\n\n\n<p><\/p>\n\n\n\n<ul class=\"wp-block-list\">\n<li>LES DEUX PINS BLANC (FRA)  <br>Fr\u00e4scht, uttrycksfullt och v\u00e4lbalanserat vin med blommiga toner och inslag av exotiska frukter samt citrusskal. <\/li>\n<\/ul>\n\n\n\n<p><\/p>\n\n\n\n<ul class=\"wp-block-list\">\n<li>SUN GATE CHARDONNAY (USA) Flaska <br>Mycket frisk och fruktig smak med inslag av fat, \u00e4pplen, honungsmelon, sm\u00f6rkola och citrus.<\/li>\n<\/ul>\n\n\n\n<p><\/p>\n\n\n\n<ul class=\"wp-block-list\">\n<li>JACOB\u2019S CREEK RIESLING (AUS) Flaska <br>Ungdomlig och mycket frisk smak med inslag av gr\u00f6na \u00e4pplen, p\u00e4ron, krusb\u00e4r och lime.<\/li>\n<\/ul>\n\n\n\n<p><\/p>\n\n\n\n<p class=\"has-large-font-size\"><strong>R\u00d6TT VIN<\/strong><\/p>\n\n\n\n<p><\/p>\n\n\n\n<ul class=\"wp-block-list\">\n<li>LES DEUX PINS CARBENNET SAUVIGNON MERIOT (FRA) <br>Fruktigt och kryddigt vin med karakt\u00e4r av r\u00f6da b\u00e4r och svarta vinb\u00e4r samt inslag av lakrits.<\/li>\n<\/ul>\n\n\n\n<p><\/p>\n\n\n\n<ul class=\"wp-block-list\">\n<li>SUN GATE ZINFANDEL (USA) <br>Gener\u00f6s fruktig smak med inslag av viol, bj\u00f6rnb\u00e4r, bl\u00e5b\u00e4r och vanilj.<\/li>\n<\/ul>\n\n\n\n<p><\/p>\n\n\n\n<ul class=\"wp-block-list\">\n<li>TABALI SHIRAZ RESERVA (CHILE)<br>Mycket  fruktigt och smakrikt vin med toner av fat, plommon, m\u00f6rka k\u00f6rsb\u00e4r, svarta vinb\u00e4r, lakrits, peppar och vanilj.<\/li>\n<\/ul>\n\n\n\n<p><\/p>\n\n\n\n<ul class=\"wp-block-list\">\n<li>WYNDHAM BIN 555 SHIRAZ (AUS) <br>Nyanserad, mycket fruktig smak med rostad fatkarakt\u00e4r och toner av svarta vinb\u00e4r, ceder, m\u00f6rk choklad och tobak.<\/li>\n<\/ul>\n\n\n\n<p><\/p>\n\n\n\n<p class=\"has-large-font-size\"><strong>ROS\u00c9 VIN<\/strong><\/p>\n\n\n\n<ul class=\"wp-block-list\">\n<li>LES DEUX PINS MERLOT ROS\u00c9 (FRA) <br>Fruktig smak med inslag av smultron, granat\u00e4pple, persika &amp; blodgrapefrukt.<\/li>\n<\/ul>\n\n\n\n<p><\/p>\n\n\n\n<ul class=\"wp-block-list\">\n<li>JACOB\u2019S LE PETIT ROS\u00c9 (AUS) <br>Frisk, elegant smak av tranb\u00e4r och k\u00f6rsb\u00e4r med mjuk avslutning.<\/li>\n<\/ul>\n\n\n\n<p><\/p>\n\n\n\n<p class=\"has-large-font-size\"><strong>\u00d6L<\/strong><\/p>\n\n\n\n<p><\/p>\n\n\n\n<p><strong>FAT<\/strong><\/p>\n\n\n\n<ul class=\"wp-block-list\">\n<li>PRIPPS BL\u00c5 5,2 % 40cl   <\/li>\n\n\n\n<li>STAROPRAMEN 5,0 % 40cl<\/li>\n\n\n\n<li>BROKLYN LAGER 5,2 % 40cl<br><br><strong>FLASKA<\/strong><br><\/li>\n\n\n\n<li>CARLSBERG HOF 50cl   <\/li>\n\n\n\n<li>FALCON EXPORT 50cl   <\/li>\n\n\n\n<li>ERIKSBERG 50cl   <\/li>\n\n\n\n<li>KARHU 50cl    <\/li>\n\n\n\n<li>TUBORG GULD 50cl    <\/li>\n\n\n\n<li>BROOKLYN EAST IPA 6,9% 35,5cl   <\/li>\n<\/ul>\n\n\n\n<p><\/p>\n\n\n\n<p><strong>CIDER<\/strong><\/p>\n\n\n\n<ul class=\"wp-block-list\">\n<li>SOMERSBY P\u00c4RONCIDER 33cl    <br><br><strong>APERITIFS &amp; BITTERS<\/strong><\/li>\n\n\n\n<li>J\u00c4GERMEISTER<\/li>\n\n\n\n<li>CAMPARI<\/li>\n\n\n\n<li>FERNET BRANCA<br><br><strong>COGNAC<\/strong><\/li>\n\n\n\n<li>XANTE<\/li>\n\n\n\n<li>GR\u00d6NSTEDS<\/li>\n\n\n\n<li>BOULARD CALVADOS X.O<br><br><strong>WHISKY<\/strong><\/li>\n\n\n\n<li>BELLS<\/li>\n\n\n\n<li>JACK DANIEL\u2019S<\/li>\n\n\n\n<li>FAMOUS GROUSE<\/li>\n\n\n\n<li>JAMESON<\/li>\n\n\n\n<li>GLENFIDDICH 12 \u00c5R<\/li>\n\n\n\n<li>LAPHROAIG 10 \u00c5R<\/li>\n\n\n\n<li>ARDBERG 12 \u00c5R<br><br><strong>LIK\u00d6R<\/strong><\/li>\n\n\n\n<li>BAILEY\u2019S<\/li>\n\n\n\n<li>DRAMBUIE<\/li>\n\n\n\n<li>KAHLUA<\/li>\n\n\n\n<li>LICOR 43<\/li>\n\n\n\n<li>COINTREAU<\/li>\n\n\n\n<li>SAMBUCA<br><br><strong>DRINKAR<\/strong>   <\/li>\n\n\n\n<li>BLACK RUSSIAN <br>Kahl\u00faa &amp; vodka<\/li>\n\n\n\n<li>GIN &amp; TONIC <br>Gin, tonic &amp; citron<\/li>\n\n\n\n<li>TEQUILA SUNRISE <br>Tequila, grenadine &amp; apelsinjuice<\/li>\n\n\n\n<li>WHITE RUSSIAN <br>Kahl\u00faa, vodka &amp; mj\u00f6lk<\/li>\n<\/ul>\n\n\n\n<p><\/p>\n\n\n\n<p><strong>KAFFEDRINKAR<\/strong>  <\/p>\n\n\n\n<ul class=\"wp-block-list\">\n<li>IRISH COFFEE <br>Jameson whisky, farinsocker, kaffe &amp; gr\u00e4dde.<\/li>\n\n\n\n<li>KAFFE KARLSSON COFFE <br>Cointreau, bailey&#8217;s, kaffe, l\u00e4ttvispad gr\u00e4dde.<\/li>\n\n\n\n<li>BAILEY\u2019S COFFEE <br>Bailey&#8217;s, kaffe, l\u00e4ttvispad gr\u00e4dde.<\/li>\n\n\n\n<li>SPANISH COFFE <br>Licor 43, kaffe &amp; gr\u00e4dde.<\/li>\n<\/ul>\n\n\n\n<p><\/p>\n\n\n\n<p><strong>ALKOHOLFRITT<\/strong><\/p>\n\n\n\n<ul class=\"wp-block-list\">\n<li>MINERAL VATTEN , L\u00c4SK &amp; L\u00c4TT\u00d6L<\/li>\n\n\n\n<li>KAFFE\/TE<\/li>\n\n\n\n<li>CARLSBERG NON ALCOHOLIC<\/li>\n\n\n\n<li>ALKOHOLFRITT GLAS VIN<\/li>\n<\/ul>\n","protected":false},"excerpt":{"rendered":"<p>VITT VIN R\u00d6TT VIN ROS\u00c9 VIN \u00d6L FAT CIDER KAFFEDRINKAR ALKOHOLFRITT<\/p>\n","protected":false},"author":1,"featured_media":0,"parent":15,"menu_order":0,"comment_status":"closed","ping_status":"closed","template":"","meta":{"footnotes":""},"class_list":["post-20","page","type-page","status-publish","hentry"],"_links":{"self":[{"href":"https:\/\/www.hakansrestaurang.se\/index.php?rest_route=\/wp\/v2\/pages\/20","targetHints":{"allow":["GET"]}}],"collection":[{"href":"https:\/\/www.hakansrestaurang.se\/index.php?rest_route=\/wp\/v2\/pages"}],"about":[{"href":"https:\/\/www.hakansrestaurang.se\/index.php?rest_route=\/wp\/v2\/types\/page"}],"author":[{"embeddable":true,"href":"https:\/\/www.hakansrestaurang.se\/index.php?rest_route=\/wp\/v2\/users\/1"}],"replies":[{"embeddable":true,"href":"https:\/\/www.hakansrestaurang.se\/index.php?rest_route=%2Fwp%2Fv2%2Fcomments&post=20"}],"version-history":[{"count":4,"href":"https:\/\/www.hakansrestaurang.se\/index.php?rest_route=\/wp\/v2\/pages\/20\/revisions"}],"predecessor-version":[{"id":136,"href":"https:\/\/www.hakansrestaurang.se\/index.php?rest_route=\/wp\/v2\/pages\/20\/revisions\/136"}],"up":[{"embeddable":true,"href":"https:\/\/www.hakansrestaurang.se\/index.php?rest_route=\/wp\/v2\/pages\/15"}],"wp:attachment":[{"href":"https:\/\/www.hakansrestaurang.se\/index.php?rest_route=%2Fwp%2Fv2%2Fmedia&parent=20"}],"curies":[{"name":"wp","href":"https:\/\/api.w.org\/{rel}","templated":true}]}}