{"id":10,"date":"2024-02-26T13:31:22","date_gmt":"2024-02-26T12:31:22","guid":{"rendered":"http:\/\/www.hakansrestaurang.se\/?page_id=10"},"modified":"2024-03-17T22:28:11","modified_gmt":"2024-03-17T21:28:11","slug":"valkommen-till-hakans-restaurang","status":"publish","type":"page","link":"https:\/\/www.hakansrestaurang.se\/","title":{"rendered":""},"content":{"rendered":"\n<center>\n<figure class=\"wp-block-image size-full\"><img loading=\"lazy\" decoding=\"async\" width=\"300\" height=\"150\" src=\"https:\/\/www.hakansrestaurang.se\/wp-content\/uploads\/2024\/02\/weblogodarkbig.png\" alt=\"\" class=\"wp-image-65\"\/><\/figure>\n<\/center>\n\n\n\n<p>Pub\/Bar<br>Restaurang &amp; Pizzeria<\/p>\n\n\n\n<p>H\u00e5kans \u00e4r en liten mysig restaurang d\u00e4r hela familjen kan umg\u00e5s, ha en trevlig stund och \u00e4ven \u00e4ta riktigt god mat. V\u00e5ra stora urval av olika r\u00e4tter passar alla smaker.<\/p>\n\n\n\n<p>VI UPPSKATTAR<\/p>\n\n\n\n<p>Kvalitet, god Hygien och f\u00e4rska varor<\/p>\n\n\n\n<p>UTS\u00d6KT MAT SOM PASSAR ALLA SMAKER<\/p>\n\n\n\n<p>L\u00e5t smaken tala f\u00f6r sig sj\u00e4lv<\/p>\n","protected":false},"excerpt":{"rendered":"<p>Pub\/BarRestaurang &amp; Pizzeria H\u00e5kans \u00e4r en liten mysig restaurang d\u00e4r hela familjen kan umg\u00e5s, ha en trevlig stund och \u00e4ven \u00e4ta riktigt god mat. V\u00e5ra stora urval av olika r\u00e4tter passar alla smaker. VI UPPSKATTAR Kvalitet, god Hygien och f\u00e4rska varor UTS\u00d6KT MAT SOM PASSAR ALLA SMAKER L\u00e5t smaken tala f\u00f6r sig sj\u00e4lv<\/p>\n","protected":false},"author":1,"featured_media":0,"parent":15,"menu_order":0,"comment_status":"closed","ping_status":"closed","template":"","meta":{"footnotes":""},"class_list":["post-10","page","type-page","status-publish","hentry"],"_links":{"self":[{"href":"https:\/\/www.hakansrestaurang.se\/index.php?rest_route=\/wp\/v2\/pages\/10","targetHints":{"allow":["GET"]}}],"collection":[{"href":"https:\/\/www.hakansrestaurang.se\/index.php?rest_route=\/wp\/v2\/pages"}],"about":[{"href":"https:\/\/www.hakansrestaurang.se\/index.php?rest_route=\/wp\/v2\/types\/page"}],"author":[{"embeddable":true,"href":"https:\/\/www.hakansrestaurang.se\/index.php?rest_route=\/wp\/v2\/users\/1"}],"replies":[{"embeddable":true,"href":"https:\/\/www.hakansrestaurang.se\/index.php?rest_route=%2Fwp%2Fv2%2Fcomments&post=10"}],"version-history":[{"count":6,"href":"https:\/\/www.hakansrestaurang.se\/index.php?rest_route=\/wp\/v2\/pages\/10\/revisions"}],"predecessor-version":[{"id":138,"href":"https:\/\/www.hakansrestaurang.se\/index.php?rest_route=\/wp\/v2\/pages\/10\/revisions\/138"}],"up":[{"embeddable":true,"href":"https:\/\/www.hakansrestaurang.se\/index.php?rest_route=\/wp\/v2\/pages\/15"}],"wp:attachment":[{"href":"https:\/\/www.hakansrestaurang.se\/index.php?rest_route=%2Fwp%2Fv2%2Fmedia&parent=10"}],"curies":[{"name":"wp","href":"https:\/\/api.w.org\/{rel}","templated":true}]}}